{"id":56,"date":"2015-12-13T13:02:35","date_gmt":"2015-12-13T13:02:35","guid":{"rendered":"http:\/\/www.cba.com.py\/?page_id=56"},"modified":"2022-06-21T13:22:55","modified_gmt":"2022-06-21T13:22:55","slug":"laempresa","status":"publish","type":"page","link":"http:\/\/www.cba.com.py\/?page_id=56","title":{"rendered":"La empresa"},"content":{"rendered":"<p><\/p>\n<p style=\"text-align: left;\">La Consultora Bar\u00e1n y Asociados es una empresa Paraguaya con m\u00e1s de una d\u00e9cada de experiencia en diversas \u00e1reas tecnol\u00f3gicas, principalmente en: desarrollo de software, consultor\u00eda y proyectos inform\u00e1ticos, telecomunicaciones, infraestructura tecnol\u00f3gica (IT) y organizaci\u00f3n empresarial.<\/p>\n<p style=\"text-align: left;\">Aglutinamos a profesionales con reconocida solvencia t\u00e9cnica, acad\u00e9mica y cient\u00edfica, enfocando sus actividades en empresas e instituciones l\u00edderes a nivel nacional, tanto en el mercado corporativo, como con entes p\u00fablicos y proyectos con organismos internacionales como <a href=\"http:\/\/www.undp.org.py\/\" target=\"_blank\" rel=\"noopener\">PNUD<\/a>, <a href=\"http:\/\/www.oas.org\/main\/spanish\/\" target=\"_blank\" rel=\"noopener\">OEA<\/a>, <a href=\"http:\/\/www.bancomundial.org\/\" target=\"_blank\" rel=\"noopener\">Banco Mundial<\/a>, <a href=\"http:\/\/www.iadb.org\/index.cfm?language=Spanish\" target=\"_blank\" rel=\"noopener\">BID<\/a>, <a href=\"http:\/\/portal.unesco.org\/es\" target=\"_blank\" rel=\"noopener\">UNESCO<\/a>, <a href=\"http:\/\/www.itu.int\/net\/home\/index-es.aspx\" target=\"_blank\" rel=\"noopener\">UIT<\/a>,<a href=\"http:\/\/www.usaid.gov\/\" target=\"_blank\" rel=\"noopener\"> USAID<\/a>.<\/p>\n<p style=\"text-align: left;\">Hemos logrado generar valor agregado para nuestros clientes a partir de la fusi\u00f3n del mundo acad\u00e9mico con el comercial, la generaci\u00f3n de nuevo conocimiento y la utilizaci\u00f3n de t\u00e9cnicas innovadoras desarrolladas tanto en el \u00e1mbito acad\u00e9mico como en el comercial.<\/p>\n<p style=\"text-align: left;\">La Consultora nace de la mano del D.Sc. Ing. Benjam\u00edn Bar\u00e1n, destacado profesor universitario, consultor tecnol\u00f3gico y cient\u00edfico, recibido en la Universidad Nacional de Asunci\u00f3n (1983), con postgrados en Northeastern University \u2013 Estados Unidos (Maestr\u00eda, 1987) y en la Universidad Federal de R\u00edo de Janeiro (Doctorado, 1993). El D.Sc. Ing. Benjam\u00edn Bar\u00e1n cuenta con varias distinciones y reconocimientos nacionales e internacionales como:<\/p>\n<ul>\n<li><span style=\"color: #3366ff;\">Premio Andr\u00e9s Barbero \u2013 1982, otorgado por la Sociedad Cient\u00edfica del Paraguay.<\/span><\/li>\n<li><span style=\"color: #3366ff;\">Premio Nacional de Ciencias del Paraguay &#8211; 1996.<\/span><\/li>\n<li><span style=\"color: #3366ff;\"><span dir=\"ltr\" role=\"presentation\">Miembro de la Comisi\u00f3n Cient\u00edfica Honoraria (CCH) PRONII<\/span> &#8211; 2011.<\/span><\/li>\n<li><span style=\"color: #3366ff;\"><span dir=\"ltr\" role=\"presentation\">Reconocimiento del Centro Latinoamericano de Estudios en Inform\u00e1tica <\/span><span dir=\"ltr\" role=\"presentation\">CLEI &#8211; 2012 Colombia.<\/span><\/span><\/li>\n<li><span style=\"color: #3366ff;\"><span dir=\"ltr\" role=\"presentation\">Menci\u00f3n de Honor del Premio Nacional de Ciencias<\/span> &#8211; 2012.<\/span><\/li>\n<li><span dir=\"ltr\" style=\"color: #3366ff;\" role=\"presentation\">Doctorado Honoris Causa, Universidad Nacional del Este -2012.<\/span><\/li>\n<li><span style=\"color: #3366ff;\"><span dir=\"ltr\" role=\"presentation\">Pan-american Prize of Scientific Computing<\/span> <span dir=\"ltr\" role=\"presentation\">(Premio Panamericano en Computaci\u00f3n Cient\u00edfica) , PACIS &#8211; 2012.<\/span><\/span><\/li>\n<li><span style=\"color: #3366ff;\"><span dir=\"ltr\" role=\"presentation\">Honor al M\u00e9rito Latinoamericano en Inform\u00e1tica <\/span><span dir=\"ltr\" role=\"presentation\">CLEI &#8211; 2013.<\/span><\/span><\/li>\n<li><span dir=\"ltr\" style=\"color: #3366ff;\" role=\"presentation\">Premio Do\u00f1a Nidia Sanabria de Romero &#8211; 2016.<\/span><\/li>\n<li><span style=\"color: #3366ff;\">Premio Nacional de Ciencias del Paraguay &#8211; 2018.<\/span><\/li>\n<li><span dir=\"ltr\" style=\"color: #3366ff;\" role=\"presentation\">Global Challenge Benjamin Meaker Visiting Professorship, Universidad de Bristol &#8211; 2019 Inglaterra.<\/span><\/li>\n<\/ul>\n<p><\/p>","protected":false},"excerpt":{"rendered":"<\/p>\n<p style=\"text-align: left;\">La Consultora Bar\u00e1n y Asociados es una empresa Paraguaya con m\u00e1s de una d\u00e9cada de experiencia en diversas \u00e1reas tecnol\u00f3gicas, principalmente en: desarrollo de software, consultor\u00eda y proyectos inform\u00e1ticos, telecomunicaciones, infraestructura tecnol\u00f3gica (IT) y organizaci\u00f3n empresarial.<\/p>\n<p style=\"text-align: left;\">Aglutinamos a profesionales con reconocida solvencia t\u00e9cnica, acad\u00e9mica y cient\u00edfica, enfocando sus actividades en empresas e [&#8230;]<\/p>\n","protected":false},"author":1,"featured_media":77,"parent":0,"menu_order":5,"comment_status":"closed","ping_status":"closed","template":"","meta":{"_acf_changed":false,"ngg_post_thumbnail":0,"footnotes":""},"class_list":["post-56","page","type-page","status-publish","has-post-thumbnail","hentry"],"acf":[],"_links":{"self":[{"href":"http:\/\/www.cba.com.py\/index.php?rest_route=\/wp\/v2\/pages\/56","targetHints":{"allow":["GET"]}}],"collection":[{"href":"http:\/\/www.cba.com.py\/index.php?rest_route=\/wp\/v2\/pages"}],"about":[{"href":"http:\/\/www.cba.com.py\/index.php?rest_route=\/wp\/v2\/types\/page"}],"author":[{"embeddable":true,"href":"http:\/\/www.cba.com.py\/index.php?rest_route=\/wp\/v2\/users\/1"}],"replies":[{"embeddable":true,"href":"http:\/\/www.cba.com.py\/index.php?rest_route=%2Fwp%2Fv2%2Fcomments&post=56"}],"version-history":[{"count":15,"href":"http:\/\/www.cba.com.py\/index.php?rest_route=\/wp\/v2\/pages\/56\/revisions"}],"predecessor-version":[{"id":690,"href":"http:\/\/www.cba.com.py\/index.php?rest_route=\/wp\/v2\/pages\/56\/revisions\/690"}],"wp:featuredmedia":[{"embeddable":true,"href":"http:\/\/www.cba.com.py\/index.php?rest_route=\/wp\/v2\/media\/77"}],"wp:attachment":[{"href":"http:\/\/www.cba.com.py\/index.php?rest_route=%2Fwp%2Fv2%2Fmedia&parent=56"}],"curies":[{"name":"wp","href":"https:\/\/api.w.org\/{rel}","templated":true}]}}